{"id":200,"date":"2014-03-28T01:22:24","date_gmt":"2014-03-28T01:22:24","guid":{"rendered":"http:\/\/casadanbienesraices.com\/nuevo\/?page_id=200"},"modified":"2014-03-29T17:10:35","modified_gmt":"2014-03-29T17:10:35","slug":"quienes-somos","status":"publish","type":"page","link":"https:\/\/casadanbienesraices.com\/nuevo\/?page_id=200","title":{"rendered":"Qui\u00e9nes Somos"},"content":{"rendered":"<p>Somos una empresa con personal altamente calificado en ramo de los servicios inmobiliarios, contamos con amplia experiencia en la colocaci\u00f3n de cr\u00e9ditos y servicios financieros.<\/p>\n<p><strong>MISI\u00d3N:<\/strong><br \/>\nSer el enlace para la venta o renta de bienes Inmuebles, ser una empresa competitiva en el mercado, con clientes satisfechos, viviendas de una alta calidad, Disponer una base de datos actualizada en forma permanente que nos permita suministrar a nuestros clientes, la mejor oferta de bienes ra\u00edces que satisfaga tanto las necesidades de alojamiento, como los m\u00e1s exigentes requisitos para la inversi\u00f3n comercial o industrial de nuestros Clientes.<\/p>\n<p><strong>VISI\u00d3N:<\/strong><br \/>\nConvertir nuestra fortaleza y presencia , en un nuevo elemento de crecimiento eficiente y eficaz, propiciando en una sola actividad, la soluci\u00f3n a sus problemas de bienes ra\u00edces. Ser la empresa l\u00edder especializada en la localizaci\u00f3n, de venta,\u00a0 y renta . ser el \u00a0mejor enlace para Inversionistas Nacionales e Internacionales.<\/p>\n<p style=\"text-align: center;\"><img fetchpriority=\"high\" decoding=\"async\" class=\" wp-image-216 aligncenter\" alt=\"hand_house\" src=\"http:\/\/casadanbienesraices.com\/nuevo\/wp-content\/uploads\/2014\/03\/hand_house.jpg\" width=\"560\" height=\"270\" srcset=\"https:\/\/casadanbienesraices.com\/nuevo\/wp-content\/uploads\/2014\/03\/hand_house.jpg 800w, https:\/\/casadanbienesraices.com\/nuevo\/wp-content\/uploads\/2014\/03\/hand_house-300x144.jpg 300w, https:\/\/casadanbienesraices.com\/nuevo\/wp-content\/uploads\/2014\/03\/hand_house-150x72.jpg 150w\" sizes=\"(max-width: 560px) 100vw, 560px\" \/><\/p>\n","protected":false},"excerpt":{"rendered":"<p>Somos una empresa con personal altamente calificado en ramo de los servicios inmobiliarios, contamos con amplia experiencia en la colocaci\u00f3n de cr\u00e9ditos y servicios financieros. MISI\u00d3N: Ser el enlace para la venta o renta de bienes Inmuebles, ser una empresa competitiva en el mercado, con clientes satisfechos, viviendas de una alta calidad, Disponer una base&#8230;<\/p>\n","protected":false},"author":1,"featured_media":0,"parent":0,"menu_order":0,"comment_status":"closed","ping_status":"closed","template":"","meta":{"footnotes":""},"class_list":["post-200","page","type-page","status-publish","hentry"],"_links":{"self":[{"href":"https:\/\/casadanbienesraices.com\/nuevo\/index.php?rest_route=\/wp\/v2\/pages\/200","targetHints":{"allow":["GET"]}}],"collection":[{"href":"https:\/\/casadanbienesraices.com\/nuevo\/index.php?rest_route=\/wp\/v2\/pages"}],"about":[{"href":"https:\/\/casadanbienesraices.com\/nuevo\/index.php?rest_route=\/wp\/v2\/types\/page"}],"author":[{"embeddable":true,"href":"https:\/\/casadanbienesraices.com\/nuevo\/index.php?rest_route=\/wp\/v2\/users\/1"}],"replies":[{"embeddable":true,"href":"https:\/\/casadanbienesraices.com\/nuevo\/index.php?rest_route=%2Fwp%2Fv2%2Fcomments&post=200"}],"version-history":[{"count":5,"href":"https:\/\/casadanbienesraices.com\/nuevo\/index.php?rest_route=\/wp\/v2\/pages\/200\/revisions"}],"predecessor-version":[{"id":293,"href":"https:\/\/casadanbienesraices.com\/nuevo\/index.php?rest_route=\/wp\/v2\/pages\/200\/revisions\/293"}],"wp:attachment":[{"href":"https:\/\/casadanbienesraices.com\/nuevo\/index.php?rest_route=%2Fwp%2Fv2%2Fmedia&parent=200"}],"curies":[{"name":"wp","href":"https:\/\/api.w.org\/{rel}","templated":true}]}}