{"id":208,"date":"2014-03-28T01:49:07","date_gmt":"2014-03-28T01:49:07","guid":{"rendered":"http:\/\/casadanbienesraices.com\/nuevo\/?page_id=208"},"modified":"2014-03-29T17:23:55","modified_gmt":"2014-03-29T17:23:55","slug":"servicios","status":"publish","type":"page","link":"https:\/\/casadanbienesraices.com\/nuevo\/?page_id=208","title":{"rendered":"Servicios"},"content":{"rendered":"<p align=\"justify\">Nuestros servicios consisten en ofrecerle la mejor calidad y precio del mercado, con nosotros podr\u00e1 comprar o rentar un terreno, casa bodega u oficina del tama\u00f1o que se adecue a sus necesidades y a un costo al alcance de su presupuesto.<\/p>\n<p align=\"justify\">Recuerde que si lo que desea es vender o rentar su casa, terreno u oficina, nosotros tambi\u00e9n le podemos ayudar, ya que con nuestra gran cartera de clientes seguro en muy poco tiempo le conseguiremos comprador.<\/p>\n<p align=\"justify\">Para saber m\u00e1s sobre nuestros servicios cont\u00e1ctenos por v\u00eda telef\u00f3nica o por correo electr\u00f3nico y con gusto ser\u00e1 atendido por un profesional altamente capacitado.<\/p>\n<p><img fetchpriority=\"high\" decoding=\"async\" class=\"aligncenter  wp-image-223\" alt=\"\" src=\"http:\/\/casadanbienesraices.com\/nuevo\/wp-content\/uploads\/2014\/03\/HAND-HOLDING-HOUSE-LARGE1_full.jpeg\" width=\"581\" height=\"385\" srcset=\"https:\/\/casadanbienesraices.com\/nuevo\/wp-content\/uploads\/2014\/03\/HAND-HOLDING-HOUSE-LARGE1_full.jpeg 1024w, https:\/\/casadanbienesraices.com\/nuevo\/wp-content\/uploads\/2014\/03\/HAND-HOLDING-HOUSE-LARGE1_full-300x199.jpeg 300w, https:\/\/casadanbienesraices.com\/nuevo\/wp-content\/uploads\/2014\/03\/HAND-HOLDING-HOUSE-LARGE1_full-150x99.jpeg 150w, https:\/\/casadanbienesraices.com\/nuevo\/wp-content\/uploads\/2014\/03\/HAND-HOLDING-HOUSE-LARGE1_full-244x163.jpeg 244w, https:\/\/casadanbienesraices.com\/nuevo\/wp-content\/uploads\/2014\/03\/HAND-HOLDING-HOUSE-LARGE1_full-246x162.jpeg 246w\" sizes=\"(max-width: 581px) 100vw, 581px\" \/><\/p>\n<p>&nbsp;<\/p>\n","protected":false},"excerpt":{"rendered":"<p>Nuestros servicios consisten en ofrecerle la mejor calidad y precio del mercado, con nosotros podr\u00e1 comprar o rentar un terreno, casa bodega u oficina del tama\u00f1o que se adecue a sus necesidades y a un costo al alcance de su presupuesto. Recuerde que si lo que desea es vender o rentar su casa, terreno u&#8230;<\/p>\n","protected":false},"author":1,"featured_media":0,"parent":0,"menu_order":0,"comment_status":"closed","ping_status":"closed","template":"","meta":{"footnotes":""},"class_list":["post-208","page","type-page","status-publish","hentry"],"_links":{"self":[{"href":"https:\/\/casadanbienesraices.com\/nuevo\/index.php?rest_route=\/wp\/v2\/pages\/208","targetHints":{"allow":["GET"]}}],"collection":[{"href":"https:\/\/casadanbienesraices.com\/nuevo\/index.php?rest_route=\/wp\/v2\/pages"}],"about":[{"href":"https:\/\/casadanbienesraices.com\/nuevo\/index.php?rest_route=\/wp\/v2\/types\/page"}],"author":[{"embeddable":true,"href":"https:\/\/casadanbienesraices.com\/nuevo\/index.php?rest_route=\/wp\/v2\/users\/1"}],"replies":[{"embeddable":true,"href":"https:\/\/casadanbienesraices.com\/nuevo\/index.php?rest_route=%2Fwp%2Fv2%2Fcomments&post=208"}],"version-history":[{"count":5,"href":"https:\/\/casadanbienesraices.com\/nuevo\/index.php?rest_route=\/wp\/v2\/pages\/208\/revisions"}],"predecessor-version":[{"id":295,"href":"https:\/\/casadanbienesraices.com\/nuevo\/index.php?rest_route=\/wp\/v2\/pages\/208\/revisions\/295"}],"wp:attachment":[{"href":"https:\/\/casadanbienesraices.com\/nuevo\/index.php?rest_route=%2Fwp%2Fv2%2Fmedia&parent=208"}],"curies":[{"name":"wp","href":"https:\/\/api.w.org\/{rel}","templated":true}]}}