{"id":211,"date":"2014-03-28T01:58:31","date_gmt":"2014-03-28T01:58:31","guid":{"rendered":"http:\/\/casadanbienesraices.com\/nuevo\/?page_id=211"},"modified":"2014-03-29T17:18:06","modified_gmt":"2014-03-29T17:18:06","slug":"experiencia","status":"publish","type":"page","link":"https:\/\/casadanbienesraices.com\/nuevo\/?page_id=211","title":{"rendered":"Experiencia"},"content":{"rendered":"<p align=\"justify\">Somos una empresa\u00a0 con personalidad propia nos iniciamos en bienes ra\u00edces en el transcurso del a\u00f1o 2004,\u00a0 pero contamos con una experiencia de mas de 25 a\u00f1os en colocaci\u00f3n de cr\u00e9ditos\u00a0 y servicios financieros.<\/p>\n<p align=\"justify\">Poseemos una certificaci\u00f3n en materia de cr\u00e9dito de vivienda con c\u00f3digo en el sistema normalizado de competencia laboral <strong>USIM1787.01<\/strong> somos un proveedor de servicios globales completos dedicados crear soluciones integrales y exclusivas para cada uno de nuestros clientes.<\/p>\n<p><a href=\"http:\/\/casadanbienesraices.com\/nuevo\/wp-content\/uploads\/2013\/08\/agent.jpg\"><img decoding=\"async\" class=\"aligncenter size-full wp-image-111\" alt=\"Julia Robert\" src=\"http:\/\/casadanbienesraices.com\/nuevo\/wp-content\/uploads\/2013\/08\/agent.jpg\" width=\"210\" height=\"210\" srcset=\"https:\/\/casadanbienesraices.com\/nuevo\/wp-content\/uploads\/2013\/08\/agent.jpg 210w, https:\/\/casadanbienesraices.com\/nuevo\/wp-content\/uploads\/2013\/08\/agent-150x150.jpg 150w\" sizes=\"(max-width: 210px) 100vw, 210px\" \/><\/a><\/p>\n<p>&nbsp;<\/p>\n<p>&nbsp;<\/p>\n","protected":false},"excerpt":{"rendered":"<p>Somos una empresa\u00a0 con personalidad propia nos iniciamos en bienes ra\u00edces en el transcurso del a\u00f1o 2004,\u00a0 pero contamos con una experiencia de mas de 25 a\u00f1os en colocaci\u00f3n de cr\u00e9ditos\u00a0 y servicios financieros. Poseemos una certificaci\u00f3n en materia de cr\u00e9dito de vivienda con c\u00f3digo en el sistema normalizado de competencia laboral USIM1787.01 somos un&#8230;<\/p>\n","protected":false},"author":1,"featured_media":0,"parent":0,"menu_order":0,"comment_status":"closed","ping_status":"closed","template":"","meta":{"footnotes":""},"class_list":["post-211","page","type-page","status-publish","hentry"],"_links":{"self":[{"href":"https:\/\/casadanbienesraices.com\/nuevo\/index.php?rest_route=\/wp\/v2\/pages\/211","targetHints":{"allow":["GET"]}}],"collection":[{"href":"https:\/\/casadanbienesraices.com\/nuevo\/index.php?rest_route=\/wp\/v2\/pages"}],"about":[{"href":"https:\/\/casadanbienesraices.com\/nuevo\/index.php?rest_route=\/wp\/v2\/types\/page"}],"author":[{"embeddable":true,"href":"https:\/\/casadanbienesraices.com\/nuevo\/index.php?rest_route=\/wp\/v2\/users\/1"}],"replies":[{"embeddable":true,"href":"https:\/\/casadanbienesraices.com\/nuevo\/index.php?rest_route=%2Fwp%2Fv2%2Fcomments&post=211"}],"version-history":[{"count":5,"href":"https:\/\/casadanbienesraices.com\/nuevo\/index.php?rest_route=\/wp\/v2\/pages\/211\/revisions"}],"predecessor-version":[{"id":294,"href":"https:\/\/casadanbienesraices.com\/nuevo\/index.php?rest_route=\/wp\/v2\/pages\/211\/revisions\/294"}],"wp:attachment":[{"href":"https:\/\/casadanbienesraices.com\/nuevo\/index.php?rest_route=%2Fwp%2Fv2%2Fmedia&parent=211"}],"curies":[{"name":"wp","href":"https:\/\/api.w.org\/{rel}","templated":true}]}}